{"id":11,"date":"2026-01-21T14:37:12","date_gmt":"2026-01-21T11:37:12","guid":{"rendered":"https:\/\/busader.org.tr\/istanbul-genc-busader\/?page_id=11"},"modified":"2026-01-30T10:53:48","modified_gmt":"2026-01-30T07:53:48","slug":"yonetim","status":"publish","type":"page","link":"https:\/\/busader.org.tr\/istanbul-genc-busader\/yonetim\/","title":{"rendered":"Y\u00f6netim"},"content":{"rendered":"<div class=\"fusion-fullwidth fullwidth-box fusion-builder-row-1 fusion-flex-container has-pattern-background has-mask-background nonhundred-percent-fullwidth non-hundred-percent-height-scrolling\" style=\"--awb-border-radius-top-left:0px;--awb-border-radius-top-right:0px;--awb-border-radius-bottom-right:0px;--awb-border-radius-bottom-left:0px;--awb-flex-wrap:wrap;\" ><div class=\"fusion-builder-row fusion-row fusion-flex-align-items-flex-start fusion-flex-justify-content-center fusion-flex-content-wrap\" style=\"max-width:1248px;margin-left: calc(-4% \/ 2 );margin-right: calc(-4% \/ 2 );\"><div class=\"fusion-layout-column fusion_builder_column fusion-builder-column-0 fusion_builder_column_1_3 1_3 fusion-flex-column\" style=\"--awb-bg-size:cover;--awb-width-large:33.333333333333%;--awb-margin-top-large:0px;--awb-spacing-right-large:5.76%;--awb-margin-bottom-large:20px;--awb-spacing-left-large:5.76%;--awb-width-medium:33.333333333333%;--awb-order-medium:0;--awb-spacing-right-medium:5.76%;--awb-spacing-left-medium:5.76%;--awb-width-small:100%;--awb-order-small:0;--awb-spacing-right-small:1.92%;--awb-spacing-left-small:1.92%;\"><div class=\"fusion-column-wrapper fusion-column-has-shadow fusion-flex-justify-content-flex-start fusion-content-layout-column\"><div class=\"fusion-text fusion-text-1\"><p><strong><u>Y\u00d6NET\u0130M KURULU AS\u0130L<\/u>\u00a0\u00a0\u00a0\u00a0\u00a0\u00a0\u00a0\u00a0\u00a0\u00a0\u00a0\u00a0\u00a0\u00a0\u00a0\u00a0\u00a0\u00a0\u00a0\u00a0\u00a0\u00a0\u00a0\u00a0\u00a0\u00a0\u00a0\u00a0\u00a0\u00a0\u00a0\u00a0\u00a0\u00a0\u00a0\u00a0\u00a0<\/strong><\/p>\n<ol>\n<li>Bark\u0131n T\u0130RYAK\u0130<\/li>\n<li>Do\u011fa YE\u015e\u0130L<\/li>\n<li>Gediz U\u00c7AR<\/li>\n<li>Berkay \u00c7ET\u0130NER<\/li>\n<li>Emircan \u015e\u0130M\u015eEK<\/li>\n<\/ol>\n<\/div><div class=\"fusion-text fusion-text-2\" style=\"--awb-margin-top:20px;\"><p><strong><u>DENETLEME KURULU AS\u0130L<\/u><\/strong><\/p>\n<ol>\n<li>Mert Can ETC\u0130<\/li>\n<li>\u00d6zge ERMET\u0130N<\/li>\n<li>Bora BAYRAKTAR<\/li>\n<\/ol>\n<\/div><div class=\"fusion-text fusion-text-3\" style=\"--awb-margin-top:20px;\"><p><strong><u>D\u0130S\u0130PL\u0130N KURULU AS\u0130L<\/u><\/strong><\/p>\n<ol>\n<li>Aykut Ak\u00e7in<\/li>\n<li>Azra Tekeci<\/li>\n<li>Muhammed G\u00f6ktu\u011f Demir<\/li>\n<\/ol>\n<\/div><\/div><\/div><div class=\"fusion-layout-column fusion_builder_column fusion-builder-column-1 fusion_builder_column_1_3 1_3 fusion-flex-column\" style=\"--awb-bg-size:cover;--awb-width-large:33.333333333333%;--awb-margin-top-large:0px;--awb-spacing-right-large:5.76%;--awb-margin-bottom-large:20px;--awb-spacing-left-large:5.76%;--awb-width-medium:33.333333333333%;--awb-order-medium:0;--awb-spacing-right-medium:5.76%;--awb-spacing-left-medium:5.76%;--awb-width-small:100%;--awb-order-small:0;--awb-spacing-right-small:1.92%;--awb-spacing-left-small:1.92%;\"><div class=\"fusion-column-wrapper fusion-column-has-shadow fusion-flex-justify-content-flex-start fusion-content-layout-column\"><div class=\"fusion-text fusion-text-4\"><p><strong><u>Y\u00d6NET\u0130M KURULU YEDEK<\/u><\/strong><\/p>\n<ol>\n<li>Selin \u015eENBAYRAK<\/li>\n<li>Asl\u0131han YAZIR<\/li>\n<li>Deniz \u00d6ZBAKIR<\/li>\n<li>Lara PORTAKAL<\/li>\n<li>Fahrettin Bar\u0131\u015f YALNIZ<\/li>\n<\/ol>\n<\/div><div class=\"fusion-text fusion-text-5\" style=\"--awb-margin-top:20px;\"><p><strong><u>DENETLEME KURULU YEDEK<\/u><\/strong><\/p>\n<ol>\n<li>Zeynep KELE\u015e<\/li>\n<li>Batuhan YURTSEVER<\/li>\n<li>Alp Tu\u011frul AK\u015eAM<\/li>\n<\/ol>\n<\/div><\/div><\/div><\/div><\/div>\n","protected":false},"excerpt":{"rendered":"","protected":false},"author":1,"featured_media":0,"parent":0,"menu_order":0,"comment_status":"closed","ping_status":"closed","template":"","meta":{"footnotes":""},"class_list":["post-11","page","type-page","status-publish","hentry"],"_links":{"self":[{"href":"https:\/\/busader.org.tr\/istanbul-genc-busader\/wp-json\/wp\/v2\/pages\/11","targetHints":{"allow":["GET"]}}],"collection":[{"href":"https:\/\/busader.org.tr\/istanbul-genc-busader\/wp-json\/wp\/v2\/pages"}],"about":[{"href":"https:\/\/busader.org.tr\/istanbul-genc-busader\/wp-json\/wp\/v2\/types\/page"}],"author":[{"embeddable":true,"href":"https:\/\/busader.org.tr\/istanbul-genc-busader\/wp-json\/wp\/v2\/users\/1"}],"replies":[{"embeddable":true,"href":"https:\/\/busader.org.tr\/istanbul-genc-busader\/wp-json\/wp\/v2\/comments?post=11"}],"version-history":[{"count":5,"href":"https:\/\/busader.org.tr\/istanbul-genc-busader\/wp-json\/wp\/v2\/pages\/11\/revisions"}],"predecessor-version":[{"id":55,"href":"https:\/\/busader.org.tr\/istanbul-genc-busader\/wp-json\/wp\/v2\/pages\/11\/revisions\/55"}],"wp:attachment":[{"href":"https:\/\/busader.org.tr\/istanbul-genc-busader\/wp-json\/wp\/v2\/media?parent=11"}],"curies":[{"name":"wp","href":"https:\/\/api.w.org\/{rel}","templated":true}]}}